{"id":203,"date":"2019-12-11T20:43:00","date_gmt":"2019-12-11T20:43:00","guid":{"rendered":"http:\/\/domfoam.com\/?page_id=203"},"modified":"2020-03-19T13:49:05","modified_gmt":"2020-03-19T13:49:05","slug":"a-propos-de-domfoam","status":"publish","type":"page","link":"https:\/\/domfoam.com\/fr\/a-propos-de-domfoam\/","title":{"rendered":"\u00c0 propos de Domfoam"},"content":{"rendered":"\n<div class=\"row justify-content-center align-items-center\">\n<div class=\"col-md-5\">\n<div style=\"background-image:url('http:\/\/domfoam.com\/wp-content\/uploads\/2019\/12\/Untitled_Panorama-1.jpg'); background-position: center center; background-repeat: no-repeat; background-size: cover; min-height: 325px;\"><\/div>\n<\/div>\n<div class=\"col-md-7 mt-md-0 mt-4\">\n<p>Domfoam Inc. (originellement connu sous le nom de Dominion Foam Corp.) a \u00e9t\u00e9 fond\u00e9 en 1963 par un jeune entrepreneur, Saul Pomerantz. De ses modestes d\u00e9buts op\u00e9rant dans un petit garage, nous sommes devenus un acteur majeur l\u2019industrie canadienne de la mousse flexible.<\/p>\n\n<p>En 1991, la compagnie a \u00e9t\u00e9 vendue \u00e0 un groupe d\u2019investisseurs \u00e9trangers. Ses actifs ont \u00e9t\u00e9 rachet\u00e9s en 2012 par la famille Pomerantz, qui est engag\u00e9e \u00e0 maintenir le succ\u00e8s \u00e0 long terme de la compagnie.<\/p>\n\n<p>Nous fabriquons actuellement une gamme compl\u00e8te de produits de mousse de polyur\u00e9thanne, principalement utilis\u00e9e dans l\u2019industrie du meuble et des matelas. Nous fabriquons aussi de la mousse agglom\u00e9r\u00e9e utilis\u00e9e dans les sous tapis et pour d\u2019autres applications.<\/p>\n<\/div>\n<\/div>\n","protected":false},"excerpt":{"rendered":"<p>Domfoam Inc. (originellement connu sous le nom de Dominion Foam Corp.) a \u00e9t\u00e9 fond\u00e9 en 1963 par un jeune entrepreneur, Saul Pomerantz. De ses modestes<a href=\"https:\/\/domfoam.com\/fr\/a-propos-de-domfoam\/\"> &hellip;<\/a><\/p>\n","protected":false},"author":1,"featured_media":0,"parent":0,"menu_order":0,"comment_status":"closed","ping_status":"closed","template":"","meta":{"_acf_changed":false,"_monsterinsights_skip_tracking":false,"_monsterinsights_sitenote_active":false,"_monsterinsights_sitenote_note":"","_monsterinsights_sitenote_category":0,"footnotes":""},"class_list":["post-203","page","type-page","status-publish","hentry"],"acf":[],"yoast_head":"<!-- This site is optimized with the Yoast SEO plugin v27.4 - https:\/\/yoast.com\/product\/yoast-seo-wordpress\/ -->\n<title>\u00c0 propos de Domfoam - domfoam<\/title>\n<meta name=\"robots\" content=\"index, follow, max-snippet:-1, max-image-preview:large, max-video-preview:-1\" \/>\n<link rel=\"canonical\" href=\"https:\/\/domfoam.com\/fr\/a-propos-de-domfoam\/\" \/>\n<meta property=\"og:locale\" content=\"fr_FR\" \/>\n<meta property=\"og:type\" content=\"article\" \/>\n<meta property=\"og:title\" content=\"\u00c0 propos de Domfoam - domfoam\" \/>\n<meta property=\"og:description\" content=\"Domfoam Inc. (originellement connu sous le nom de Dominion Foam Corp.) a \u00e9t\u00e9 fond\u00e9 en 1963 par un jeune entrepreneur, Saul Pomerantz. De ses modestes &hellip;\" \/>\n<meta property=\"og:url\" content=\"https:\/\/domfoam.com\/fr\/a-propos-de-domfoam\/\" \/>\n<meta property=\"og:site_name\" content=\"domfoam\" \/>\n<meta property=\"article:modified_time\" content=\"2020-03-19T13:49:05+00:00\" \/>\n<meta name=\"twitter:card\" content=\"summary_large_image\" \/>\n<meta name=\"twitter:label1\" content=\"Dur\u00e9e de lecture estim\u00e9e\" \/>\n\t<meta name=\"twitter:data1\" content=\"1 minute\" \/>\n<script type=\"application\/ld+json\" class=\"yoast-schema-graph\">{\"@context\":\"https:\\\/\\\/schema.org\",\"@graph\":[{\"@type\":\"WebPage\",\"@id\":\"https:\\\/\\\/domfoam.com\\\/fr\\\/a-propos-de-domfoam\\\/\",\"url\":\"https:\\\/\\\/domfoam.com\\\/fr\\\/a-propos-de-domfoam\\\/\",\"name\":\"\u00c0 propos de Domfoam - domfoam\",\"isPartOf\":{\"@id\":\"https:\\\/\\\/domfoam.com\\\/fr\\\/#website\"},\"datePublished\":\"2019-12-11T20:43:00+00:00\",\"dateModified\":\"2020-03-19T13:49:05+00:00\",\"breadcrumb\":{\"@id\":\"https:\\\/\\\/domfoam.com\\\/fr\\\/a-propos-de-domfoam\\\/#breadcrumb\"},\"inLanguage\":\"fr-FR\",\"potentialAction\":[{\"@type\":\"ReadAction\",\"target\":[\"https:\\\/\\\/domfoam.com\\\/fr\\\/a-propos-de-domfoam\\\/\"]}]},{\"@type\":\"BreadcrumbList\",\"@id\":\"https:\\\/\\\/domfoam.com\\\/fr\\\/a-propos-de-domfoam\\\/#breadcrumb\",\"itemListElement\":[{\"@type\":\"ListItem\",\"position\":1,\"name\":\"Home\",\"item\":\"https:\\\/\\\/domfoam.com\\\/fr\\\/\"},{\"@type\":\"ListItem\",\"position\":2,\"name\":\"\u00c0 propos de Domfoam\"}]},{\"@type\":\"WebSite\",\"@id\":\"https:\\\/\\\/domfoam.com\\\/fr\\\/#website\",\"url\":\"https:\\\/\\\/domfoam.com\\\/fr\\\/\",\"name\":\"domfoam\",\"description\":\"Just another WordPress site\",\"potentialAction\":[{\"@type\":\"SearchAction\",\"target\":{\"@type\":\"EntryPoint\",\"urlTemplate\":\"https:\\\/\\\/domfoam.com\\\/fr\\\/?s={search_term_string}\"},\"query-input\":{\"@type\":\"PropertyValueSpecification\",\"valueRequired\":true,\"valueName\":\"search_term_string\"}}],\"inLanguage\":\"fr-FR\"}]}<\/script>\n<!-- \/ Yoast SEO plugin. -->","yoast_head_json":{"title":"\u00c0 propos de Domfoam - domfoam","robots":{"index":"index","follow":"follow","max-snippet":"max-snippet:-1","max-image-preview":"max-image-preview:large","max-video-preview":"max-video-preview:-1"},"canonical":"https:\/\/domfoam.com\/fr\/a-propos-de-domfoam\/","og_locale":"fr_FR","og_type":"article","og_title":"\u00c0 propos de Domfoam - domfoam","og_description":"Domfoam Inc. (originellement connu sous le nom de Dominion Foam Corp.) a \u00e9t\u00e9 fond\u00e9 en 1963 par un jeune entrepreneur, Saul Pomerantz. De ses modestes &hellip;","og_url":"https:\/\/domfoam.com\/fr\/a-propos-de-domfoam\/","og_site_name":"domfoam","article_modified_time":"2020-03-19T13:49:05+00:00","twitter_card":"summary_large_image","twitter_misc":{"Dur\u00e9e de lecture estim\u00e9e":"1 minute"},"schema":{"@context":"https:\/\/schema.org","@graph":[{"@type":"WebPage","@id":"https:\/\/domfoam.com\/fr\/a-propos-de-domfoam\/","url":"https:\/\/domfoam.com\/fr\/a-propos-de-domfoam\/","name":"\u00c0 propos de Domfoam - domfoam","isPartOf":{"@id":"https:\/\/domfoam.com\/fr\/#website"},"datePublished":"2019-12-11T20:43:00+00:00","dateModified":"2020-03-19T13:49:05+00:00","breadcrumb":{"@id":"https:\/\/domfoam.com\/fr\/a-propos-de-domfoam\/#breadcrumb"},"inLanguage":"fr-FR","potentialAction":[{"@type":"ReadAction","target":["https:\/\/domfoam.com\/fr\/a-propos-de-domfoam\/"]}]},{"@type":"BreadcrumbList","@id":"https:\/\/domfoam.com\/fr\/a-propos-de-domfoam\/#breadcrumb","itemListElement":[{"@type":"ListItem","position":1,"name":"Home","item":"https:\/\/domfoam.com\/fr\/"},{"@type":"ListItem","position":2,"name":"\u00c0 propos de Domfoam"}]},{"@type":"WebSite","@id":"https:\/\/domfoam.com\/fr\/#website","url":"https:\/\/domfoam.com\/fr\/","name":"domfoam","description":"Just another WordPress site","potentialAction":[{"@type":"SearchAction","target":{"@type":"EntryPoint","urlTemplate":"https:\/\/domfoam.com\/fr\/?s={search_term_string}"},"query-input":{"@type":"PropertyValueSpecification","valueRequired":true,"valueName":"search_term_string"}}],"inLanguage":"fr-FR"}]}},"_links":{"self":[{"href":"https:\/\/domfoam.com\/fr\/wp-json\/wp\/v2\/pages\/203","targetHints":{"allow":["GET"]}}],"collection":[{"href":"https:\/\/domfoam.com\/fr\/wp-json\/wp\/v2\/pages"}],"about":[{"href":"https:\/\/domfoam.com\/fr\/wp-json\/wp\/v2\/types\/page"}],"author":[{"embeddable":true,"href":"https:\/\/domfoam.com\/fr\/wp-json\/wp\/v2\/users\/1"}],"replies":[{"embeddable":true,"href":"https:\/\/domfoam.com\/fr\/wp-json\/wp\/v2\/comments?post=203"}],"version-history":[{"count":13,"href":"https:\/\/domfoam.com\/fr\/wp-json\/wp\/v2\/pages\/203\/revisions"}],"predecessor-version":[{"id":457,"href":"https:\/\/domfoam.com\/fr\/wp-json\/wp\/v2\/pages\/203\/revisions\/457"}],"wp:attachment":[{"href":"https:\/\/domfoam.com\/fr\/wp-json\/wp\/v2\/media?parent=203"}],"curies":[{"name":"wp","href":"https:\/\/api.w.org\/{rel}","templated":true}]}}