{"id":199,"date":"2019-12-11T20:39:32","date_gmt":"2019-12-11T20:39:32","guid":{"rendered":"http:\/\/domfoam.com\/?page_id=199"},"modified":"2024-03-13T20:49:49","modified_gmt":"2024-03-13T20:49:49","slug":"contact","status":"publish","type":"page","link":"https:\/\/domfoam.com\/fr\/contact\/","title":{"rendered":"Contact"},"content":{"rendered":"\n<div class=\"row justify-content-between\">\n<div class=\"col-md-5\">\n<h3>Domfoam<\/h3>\n<iframe loading=\"lazy\" src=\"https:\/\/www.google.com\/maps\/embed?pb=!1m18!1m12!1m3!1d2791.4829119214346!2d-73.59642584860158!3d45.600938679000194!2m3!1f0!2f0!3f0!3m2!1i1024!2i768!4f13.1!3m3!1m2!1s0x4cc91e56948fe2d9%3A0x216fe3b69248baaf!2sDomfoam%20Inc!5e0!3m2!1sen!2sca!4v1579207254191!5m2!1sen!2sca\" width=\"100%\" height=\"300\" frameborder=\"0\" style=\"border:0;\" allowfullscreen=\"\"><\/iframe>\n<p>\n8785 Boul. Langelier,\n<br>St-L\u00e9onard (Qu\u00e9bec) H1P 2C9\n<\/p>\n<p>\n<a href=\"tel:514-325-8120\">514 325.8120<\/a>\n<\/p>\n<p>\n<a href=\"mailto:info@domfoam.com\">info@domfoam.com<\/a>\n<\/p>\n\n<h3 class=\"pt-3\">Domfoam II<\/h3>\n<iframe loading=\"lazy\" src=\"https:\/\/www.google.com\/maps\/embed?pb=!1m18!1m12!1m3!1d2791.4328396324477!2d-73.59427014860152!3d45.60194507900031!2m3!1f0!2f0!3f0!3m2!1i1024!2i768!4f13.1!3m3!1m2!1s0x4cc91e51309508e1%3A0xc6de5480f0f54ed!2s6675%20Rue%20Bombardier%2C%20Saint-L%C3%A9onard%2C%20QC%20H1P%202W2!5e0!3m2!1sen!2sca!4v1579207351808!5m2!1sen!2sca\" width=\"100%\" height=\"300\" frameborder=\"0\" style=\"border:0;\" allowfullscreen=\"\"><\/iframe>\n<p>\n6675 rue Bombardier,\n<br>St-L\u00e9onard (Qu\u00e9bec) H1P 1E5\n<\/p>\n<p>\n<a href=\"tel:514 325.8120\">514 325.8120<\/a>\n<\/p>\n<p>\n<a href=\"mailto:info@domfoam.com\">info@domfoam.com<\/a>\n<\/p>\n\n<h3 class=\"pt-3\">Domfoam Toronto Inc<\/h3>\n<iframe src=\"https:\/\/www.google.com\/maps\/embed?pb=!1m18!1m12!1m3!1d2887.581580193468!2d-79.66623012342781!3d43.63606697110293!2m3!1f0!2f0!3f0!3m2!1i1024!2i768!4f13.1!3m3!1m2!1s0x882b3fc53c34c385%3A0x238c200b6ead6476!2sDomfoam%20Toronto%20Inc.!5e0!3m2!1sen!2sca!4v1710362891881!5m2!1sen!2sca\" width=\"100%\" height=\"300\" style=\"border:0;\" allowfullscreen=\"\" loading=\"lazy\" referrerpolicy=\"no-referrer-when-downgrade\"><\/iframe>\n<p>\n5905 Coopers Ave,\n<br>Mississauga, ON L4Z 1R9\n<\/p>\n<p>\nT\u00e9l\u00e9phone: <a href=\"tel:1-416-750-3777\">1-416-750-3777<\/a>\n<br>T\u00e9l\u00e9copieur: 1-416-218-8979\n<\/p>\n<p>\n<a href=\"mailto:info@domfoam.com\">info@domfoam.com<\/a>\n<\/p>\n<\/div>\n<div class=\"col-md-6 mt-md-0 mt-4\">\n\n<div class=\"wpcf7 no-js\" id=\"wpcf7-f201-o1\" lang=\"en-US\" dir=\"ltr\" data-wpcf7-id=\"201\">\n<div class=\"screen-reader-response\"><p role=\"status\" aria-live=\"polite\" aria-atomic=\"true\"><\/p> <ul><\/ul><\/div>\n<form action=\"\/fr\/wp-json\/wp\/v2\/pages\/199#wpcf7-f201-o1\" method=\"post\" class=\"wpcf7-form init\" aria-label=\"Contact form\" novalidate=\"novalidate\" data-status=\"init\">\n<fieldset class=\"hidden-fields-container\"><input type=\"hidden\" name=\"_wpcf7\" value=\"201\" \/><input type=\"hidden\" name=\"_wpcf7_version\" value=\"6.1.5\" \/><input type=\"hidden\" name=\"_wpcf7_locale\" value=\"en_US\" \/><input type=\"hidden\" name=\"_wpcf7_unit_tag\" value=\"wpcf7-f201-o1\" \/><input type=\"hidden\" name=\"_wpcf7_container_post\" value=\"0\" \/><input type=\"hidden\" name=\"_wpcf7_posted_data_hash\" value=\"\" \/>\n<\/fieldset>\n<p><label> Nom (requis)<br \/>\n<span class=\"wpcf7-form-control-wrap\" data-name=\"your-name\"><input size=\"40\" maxlength=\"400\" class=\"wpcf7-form-control wpcf7-text wpcf7-validates-as-required form-control\" aria-required=\"true\" aria-invalid=\"false\" value=\"\" type=\"text\" name=\"your-name\" \/><\/span> <\/label>\n<\/p>\n<p><label> Courriel (requis)<br \/>\n<span class=\"wpcf7-form-control-wrap\" data-name=\"your-email\"><input size=\"40\" maxlength=\"400\" class=\"wpcf7-form-control wpcf7-email wpcf7-validates-as-required wpcf7-text wpcf7-validates-as-email form-control\" aria-required=\"true\" aria-invalid=\"false\" value=\"\" type=\"email\" name=\"your-email\" \/><\/span> <\/label>\n<\/p>\n<p><label> Sujet<br \/>\n<span class=\"wpcf7-form-control-wrap\" data-name=\"your-subject\"><input size=\"40\" maxlength=\"400\" class=\"wpcf7-form-control wpcf7-text form-control\" aria-invalid=\"false\" value=\"\" type=\"text\" name=\"your-subject\" \/><\/span> <\/label>\n<\/p>\n<p><label> Votre Message<br \/>\n<span class=\"wpcf7-form-control-wrap\" data-name=\"your-message\"><textarea cols=\"40\" rows=\"10\" maxlength=\"2000\" class=\"wpcf7-form-control wpcf7-textarea form-control\" aria-invalid=\"false\" name=\"your-message\"><\/textarea><\/span> <\/label>\n<\/p>\n<p><input class=\"wpcf7-form-control wpcf7-submit has-spinner btn btn-primary rounded-pill\" type=\"submit\" value=\"Envoyer\" \/>\n<\/p><div class=\"wpcf7-response-output\" aria-hidden=\"true\"><\/div>\n<\/form>\n<\/div>\n\n<\/div>\n<\/div>\n","protected":false},"excerpt":{"rendered":"<p>Domfoam 8785 Boul. Langelier, St-L\u00e9onard (Qu\u00e9bec) H1P 2C9 514 325.8120 info@domfoam.com Domfoam II 6675 rue Bombardier, St-L\u00e9onard (Qu\u00e9bec) H1P 1E5 514 325.8120 info@domfoam.com Domfoam Toronto<a href=\"https:\/\/domfoam.com\/fr\/contact\/\"> &hellip;<\/a><\/p>\n","protected":false},"author":1,"featured_media":0,"parent":0,"menu_order":0,"comment_status":"closed","ping_status":"closed","template":"","meta":{"_acf_changed":false,"_monsterinsights_skip_tracking":false,"_monsterinsights_sitenote_active":false,"_monsterinsights_sitenote_note":"","_monsterinsights_sitenote_category":0,"footnotes":""},"class_list":["post-199","page","type-page","status-publish","hentry"],"acf":[],"yoast_head":"<!-- This site is optimized with the Yoast SEO plugin v27.4 - https:\/\/yoast.com\/product\/yoast-seo-wordpress\/ -->\n<title>Contact - domfoam<\/title>\n<meta name=\"robots\" content=\"index, follow, max-snippet:-1, max-image-preview:large, max-video-preview:-1\" \/>\n<link rel=\"canonical\" href=\"https:\/\/domfoam.com\/fr\/contact\/\" \/>\n<meta property=\"og:locale\" content=\"fr_FR\" \/>\n<meta property=\"og:type\" content=\"article\" \/>\n<meta property=\"og:title\" content=\"Contact - domfoam\" \/>\n<meta property=\"og:description\" content=\"Domfoam 8785 Boul. Langelier, St-L\u00e9onard (Qu\u00e9bec) H1P 2C9 514 325.8120 info@domfoam.com Domfoam II 6675 rue Bombardier, St-L\u00e9onard (Qu\u00e9bec) H1P 1E5 514 325.8120 info@domfoam.com Domfoam Toronto &hellip;\" \/>\n<meta property=\"og:url\" content=\"https:\/\/domfoam.com\/fr\/contact\/\" \/>\n<meta property=\"og:site_name\" content=\"domfoam\" \/>\n<meta property=\"article:modified_time\" content=\"2024-03-13T20:49:49+00:00\" \/>\n<meta name=\"twitter:card\" content=\"summary_large_image\" \/>\n<meta name=\"twitter:label1\" content=\"Dur\u00e9e de lecture estim\u00e9e\" \/>\n\t<meta name=\"twitter:data1\" content=\"1 minute\" \/>\n<script type=\"application\/ld+json\" class=\"yoast-schema-graph\">{\"@context\":\"https:\\\/\\\/schema.org\",\"@graph\":[{\"@type\":\"WebPage\",\"@id\":\"https:\\\/\\\/domfoam.com\\\/fr\\\/contact\\\/\",\"url\":\"https:\\\/\\\/domfoam.com\\\/fr\\\/contact\\\/\",\"name\":\"Contact - domfoam\",\"isPartOf\":{\"@id\":\"https:\\\/\\\/domfoam.com\\\/fr\\\/#website\"},\"datePublished\":\"2019-12-11T20:39:32+00:00\",\"dateModified\":\"2024-03-13T20:49:49+00:00\",\"breadcrumb\":{\"@id\":\"https:\\\/\\\/domfoam.com\\\/fr\\\/contact\\\/#breadcrumb\"},\"inLanguage\":\"fr-FR\",\"potentialAction\":[{\"@type\":\"ReadAction\",\"target\":[\"https:\\\/\\\/domfoam.com\\\/fr\\\/contact\\\/\"]}]},{\"@type\":\"BreadcrumbList\",\"@id\":\"https:\\\/\\\/domfoam.com\\\/fr\\\/contact\\\/#breadcrumb\",\"itemListElement\":[{\"@type\":\"ListItem\",\"position\":1,\"name\":\"Home\",\"item\":\"https:\\\/\\\/domfoam.com\\\/fr\\\/\"},{\"@type\":\"ListItem\",\"position\":2,\"name\":\"Contact\"}]},{\"@type\":\"WebSite\",\"@id\":\"https:\\\/\\\/domfoam.com\\\/fr\\\/#website\",\"url\":\"https:\\\/\\\/domfoam.com\\\/fr\\\/\",\"name\":\"domfoam\",\"description\":\"Just another WordPress site\",\"potentialAction\":[{\"@type\":\"SearchAction\",\"target\":{\"@type\":\"EntryPoint\",\"urlTemplate\":\"https:\\\/\\\/domfoam.com\\\/fr\\\/?s={search_term_string}\"},\"query-input\":{\"@type\":\"PropertyValueSpecification\",\"valueRequired\":true,\"valueName\":\"search_term_string\"}}],\"inLanguage\":\"fr-FR\"}]}<\/script>\n<!-- \/ Yoast SEO plugin. -->","yoast_head_json":{"title":"Contact - domfoam","robots":{"index":"index","follow":"follow","max-snippet":"max-snippet:-1","max-image-preview":"max-image-preview:large","max-video-preview":"max-video-preview:-1"},"canonical":"https:\/\/domfoam.com\/fr\/contact\/","og_locale":"fr_FR","og_type":"article","og_title":"Contact - domfoam","og_description":"Domfoam 8785 Boul. Langelier, St-L\u00e9onard (Qu\u00e9bec) H1P 2C9 514 325.8120 info@domfoam.com Domfoam II 6675 rue Bombardier, St-L\u00e9onard (Qu\u00e9bec) H1P 1E5 514 325.8120 info@domfoam.com Domfoam Toronto &hellip;","og_url":"https:\/\/domfoam.com\/fr\/contact\/","og_site_name":"domfoam","article_modified_time":"2024-03-13T20:49:49+00:00","twitter_card":"summary_large_image","twitter_misc":{"Dur\u00e9e de lecture estim\u00e9e":"1 minute"},"schema":{"@context":"https:\/\/schema.org","@graph":[{"@type":"WebPage","@id":"https:\/\/domfoam.com\/fr\/contact\/","url":"https:\/\/domfoam.com\/fr\/contact\/","name":"Contact - domfoam","isPartOf":{"@id":"https:\/\/domfoam.com\/fr\/#website"},"datePublished":"2019-12-11T20:39:32+00:00","dateModified":"2024-03-13T20:49:49+00:00","breadcrumb":{"@id":"https:\/\/domfoam.com\/fr\/contact\/#breadcrumb"},"inLanguage":"fr-FR","potentialAction":[{"@type":"ReadAction","target":["https:\/\/domfoam.com\/fr\/contact\/"]}]},{"@type":"BreadcrumbList","@id":"https:\/\/domfoam.com\/fr\/contact\/#breadcrumb","itemListElement":[{"@type":"ListItem","position":1,"name":"Home","item":"https:\/\/domfoam.com\/fr\/"},{"@type":"ListItem","position":2,"name":"Contact"}]},{"@type":"WebSite","@id":"https:\/\/domfoam.com\/fr\/#website","url":"https:\/\/domfoam.com\/fr\/","name":"domfoam","description":"Just another WordPress site","potentialAction":[{"@type":"SearchAction","target":{"@type":"EntryPoint","urlTemplate":"https:\/\/domfoam.com\/fr\/?s={search_term_string}"},"query-input":{"@type":"PropertyValueSpecification","valueRequired":true,"valueName":"search_term_string"}}],"inLanguage":"fr-FR"}]}},"_links":{"self":[{"href":"https:\/\/domfoam.com\/fr\/wp-json\/wp\/v2\/pages\/199","targetHints":{"allow":["GET"]}}],"collection":[{"href":"https:\/\/domfoam.com\/fr\/wp-json\/wp\/v2\/pages"}],"about":[{"href":"https:\/\/domfoam.com\/fr\/wp-json\/wp\/v2\/types\/page"}],"author":[{"embeddable":true,"href":"https:\/\/domfoam.com\/fr\/wp-json\/wp\/v2\/users\/1"}],"replies":[{"embeddable":true,"href":"https:\/\/domfoam.com\/fr\/wp-json\/wp\/v2\/comments?post=199"}],"version-history":[{"count":5,"href":"https:\/\/domfoam.com\/fr\/wp-json\/wp\/v2\/pages\/199\/revisions"}],"predecessor-version":[{"id":590,"href":"https:\/\/domfoam.com\/fr\/wp-json\/wp\/v2\/pages\/199\/revisions\/590"}],"wp:attachment":[{"href":"https:\/\/domfoam.com\/fr\/wp-json\/wp\/v2\/media?parent=199"}],"curies":[{"name":"wp","href":"https:\/\/api.w.org\/{rel}","templated":true}]}}